{"id":44,"date":"2022-04-05T13:36:15","date_gmt":"2022-04-05T13:36:15","guid":{"rendered":"https:\/\/reducefloodrisk.org\/?page_id=44"},"modified":"2025-05-07T14:09:33","modified_gmt":"2025-05-07T19:09:33","slug":"homepage","status":"publish","type":"page","link":"https:\/\/www.reducefloodrisk.org\/es\/","title":{"rendered":"Reduce Flood Risk: Estrategias para Propietarios"},"content":{"rendered":"","protected":false},"excerpt":{"rendered":"","protected":false},"author":5,"featured_media":0,"parent":0,"menu_order":18,"comment_status":"closed","ping_status":"closed","template":"","meta":{"_acf_changed":false,"_relevanssi_hide_post":"","_relevanssi_hide_content":"","_relevanssi_pin_for_all":"","_relevanssi_pin_keywords":"","_relevanssi_unpin_keywords":"","_relevanssi_related_keywords":"","_relevanssi_related_include_ids":"","_relevanssi_related_exclude_ids":"","_relevanssi_related_no_append":"","_relevanssi_related_not_related":"","_relevanssi_related_posts":"","_relevanssi_noindex_reason":"","_monsterinsights_skip_tracking":false,"_monsterinsights_sitenote_active":false,"_monsterinsights_sitenote_note":"","_monsterinsights_sitenote_category":0,"footnotes":""},"class_list":["post-44","page","type-page","status-publish","hentry"],"acf":[],"yoast_head":"<!-- This site is optimized with the Yoast SEO plugin v27.5 - https:\/\/yoast.com\/product\/yoast-seo-wordpress\/ -->\n<title>Reduce Flood Risk: Strategies for Homeowners - Reduce Flood Risk<\/title>\n<meta name=\"robots\" content=\"index, follow, max-snippet:-1, max-image-preview:large, max-video-preview:-1\" \/>\n<link rel=\"canonical\" href=\"https:\/\/www.reducefloodrisk.org\/es\/\" \/>\n<meta property=\"og:locale\" content=\"es_MX\" \/>\n<meta property=\"og:type\" content=\"article\" \/>\n<meta property=\"og:title\" content=\"Reduce Flood Risk: Strategies for Homeowners - Reduce Flood Risk\" \/>\n<meta property=\"og:url\" content=\"https:\/\/www.reducefloodrisk.org\/es\/\" \/>\n<meta property=\"og:site_name\" content=\"Reduce Flood Risk\" \/>\n<meta property=\"article:publisher\" content=\"https:\/\/www.facebook.com\/ASFPM\/\" \/>\n<meta property=\"article:modified_time\" content=\"2025-05-07T19:09:33+00:00\" \/>\n<meta property=\"og:image\" content=\"https:\/\/eadn-wc05-6303079.nxedge.io\/wp-content\/uploads\/2022\/05\/favicon_512px.png\" \/>\n\t<meta property=\"og:image:width\" content=\"512\" \/>\n\t<meta property=\"og:image:height\" content=\"512\" \/>\n\t<meta property=\"og:image:type\" content=\"image\/png\" \/>\n<meta name=\"twitter:card\" content=\"summary_large_image\" \/>\n<meta name=\"twitter:site\" content=\"@floodsorg\" \/>\n<script type=\"application\/ld+json\" class=\"yoast-schema-graph\">{\"@context\":\"https:\\\/\\\/schema.org\",\"@graph\":[{\"@type\":\"WebPage\",\"@id\":\"https:\\\/\\\/www.reducefloodrisk.org\\\/\",\"url\":\"https:\\\/\\\/www.reducefloodrisk.org\\\/\",\"name\":\"Reduce Flood Risk: Strategies for Homeowners - Reduce Flood Risk\",\"isPartOf\":{\"@id\":\"https:\\\/\\\/www.reducefloodrisk.org\\\/#website\"},\"datePublished\":\"2022-04-05T13:36:15+00:00\",\"dateModified\":\"2025-05-07T19:09:33+00:00\",\"breadcrumb\":{\"@id\":\"https:\\\/\\\/www.reducefloodrisk.org\\\/#breadcrumb\"},\"inLanguage\":\"es\",\"potentialAction\":[{\"@type\":\"ReadAction\",\"target\":[\"https:\\\/\\\/www.reducefloodrisk.org\\\/\"]}]},{\"@type\":\"BreadcrumbList\",\"@id\":\"https:\\\/\\\/www.reducefloodrisk.org\\\/#breadcrumb\",\"itemListElement\":[{\"@type\":\"ListItem\",\"position\":1,\"name\":\"Home\",\"item\":\"https:\\\/\\\/www.reducefloodrisk.org\\\/\"},{\"@type\":\"ListItem\",\"position\":2,\"name\":\"Reduce Flood Risk: Strategies for Homeowners\"}]},{\"@type\":\"WebSite\",\"@id\":\"https:\\\/\\\/www.reducefloodrisk.org\\\/#website\",\"url\":\"https:\\\/\\\/www.reducefloodrisk.org\\\/\",\"name\":\"Reduce Flood Risk\",\"description\":\"We can help you understand what actions you can take today to lower your risk of flooding tomorrow.\",\"publisher\":{\"@id\":\"https:\\\/\\\/www.reducefloodrisk.org\\\/#organization\"},\"alternateName\":\"RFR\",\"potentialAction\":[{\"@type\":\"SearchAction\",\"target\":{\"@type\":\"EntryPoint\",\"urlTemplate\":\"https:\\\/\\\/www.reducefloodrisk.org\\\/?s={search_term_string}\"},\"query-input\":{\"@type\":\"PropertyValueSpecification\",\"valueRequired\":true,\"valueName\":\"search_term_string\"}}],\"inLanguage\":\"es\"},{\"@type\":\"Organization\",\"@id\":\"https:\\\/\\\/www.reducefloodrisk.org\\\/#organization\",\"name\":\"Reduce Flood Risk\",\"alternateName\":\"ASFPM RFR\",\"url\":\"https:\\\/\\\/www.reducefloodrisk.org\\\/\",\"logo\":{\"@type\":\"ImageObject\",\"inLanguage\":\"es\",\"@id\":\"https:\\\/\\\/www.reducefloodrisk.org\\\/#\\\/schema\\\/logo\\\/image\\\/\",\"url\":\"https:\\\/\\\/www.reducefloodrisk.org\\\/wp-content\\\/uploads\\\/2022\\\/05\\\/cropped-favicon_512px.png\",\"contentUrl\":\"https:\\\/\\\/www.reducefloodrisk.org\\\/wp-content\\\/uploads\\\/2022\\\/05\\\/cropped-favicon_512px.png\",\"width\":512,\"height\":512,\"caption\":\"Reduce Flood Risk\"},\"image\":{\"@id\":\"https:\\\/\\\/www.reducefloodrisk.org\\\/#\\\/schema\\\/logo\\\/image\\\/\"},\"sameAs\":[\"https:\\\/\\\/www.facebook.com\\\/ASFPM\\\/\",\"https:\\\/\\\/x.com\\\/floodsorg\",\"https:\\\/\\\/www.linkedin.com\\\/company\\\/association-of-state-floodplain-managers-inc-\",\"https:\\\/\\\/www.youtube.com\\\/channel\\\/UCm2lfTn_zVZCS5aOGz1KS_w\",\"https:\\\/\\\/www.flickr.com\\\/photos\\\/asfpm\\\/\"]}]}<\/script>\n<!-- \/ Yoast SEO plugin. -->","yoast_head_json":{"title":"Reduce Flood Risk: Strategies for Homeowners - Reduce Flood Risk","robots":{"index":"index","follow":"follow","max-snippet":"max-snippet:-1","max-image-preview":"max-image-preview:large","max-video-preview":"max-video-preview:-1"},"canonical":"https:\/\/www.reducefloodrisk.org\/es\/","og_locale":"es_MX","og_type":"article","og_title":"Reduce Flood Risk: Strategies for Homeowners - Reduce Flood Risk","og_url":"https:\/\/www.reducefloodrisk.org\/es\/","og_site_name":"Reduce Flood Risk","article_publisher":"https:\/\/www.facebook.com\/ASFPM\/","article_modified_time":"2025-05-07T19:09:33+00:00","og_image":[{"width":512,"height":512,"url":"https:\/\/eadn-wc05-6303079.nxedge.io\/wp-content\/uploads\/2022\/05\/favicon_512px.png","type":"image\/png"}],"twitter_card":"summary_large_image","twitter_site":"@floodsorg","schema":{"@context":"https:\/\/schema.org","@graph":[{"@type":"WebPage","@id":"https:\/\/www.reducefloodrisk.org\/","url":"https:\/\/www.reducefloodrisk.org\/","name":"Reduce Flood Risk: Strategies for Homeowners - Reduce Flood Risk","isPartOf":{"@id":"https:\/\/www.reducefloodrisk.org\/#website"},"datePublished":"2022-04-05T13:36:15+00:00","dateModified":"2025-05-07T19:09:33+00:00","breadcrumb":{"@id":"https:\/\/www.reducefloodrisk.org\/#breadcrumb"},"inLanguage":"es","potentialAction":[{"@type":"ReadAction","target":["https:\/\/www.reducefloodrisk.org\/"]}]},{"@type":"BreadcrumbList","@id":"https:\/\/www.reducefloodrisk.org\/#breadcrumb","itemListElement":[{"@type":"ListItem","position":1,"name":"Home","item":"https:\/\/www.reducefloodrisk.org\/"},{"@type":"ListItem","position":2,"name":"Reduce Flood Risk: Strategies for Homeowners"}]},{"@type":"WebSite","@id":"https:\/\/www.reducefloodrisk.org\/#website","url":"https:\/\/www.reducefloodrisk.org\/","name":"Protecci\u00f3n contra Inundaciones de Edificios No Residenciales","description":"Podemos ayudarte a entender cu\u00e1les son las medidas que puedes seguir hoy para reducir el riesgo de inundaci\u00f3n ma\u00f1ana.","publisher":{"@id":"https:\/\/www.reducefloodrisk.org\/#organization"},"alternateName":"RFR","potentialAction":[{"@type":"SearchAction","target":{"@type":"EntryPoint","urlTemplate":"https:\/\/www.reducefloodrisk.org\/?s={search_term_string}"},"query-input":{"@type":"PropertyValueSpecification","valueRequired":true,"valueName":"search_term_string"}}],"inLanguage":"es"},{"@type":"Organization","@id":"https:\/\/www.reducefloodrisk.org\/#organization","name":"Protecci\u00f3n contra Inundaciones de Edificios No Residenciales","alternateName":"ASFPM RFR","url":"https:\/\/www.reducefloodrisk.org\/","logo":{"@type":"ImageObject","inLanguage":"es","@id":"https:\/\/www.reducefloodrisk.org\/#\/schema\/logo\/image\/","url":"https:\/\/eadn-wc05-6303079.nxedge.io\/wp-content\/uploads\/2022\/05\/cropped-favicon_512px.png","contentUrl":"https:\/\/eadn-wc05-6303079.nxedge.io\/wp-content\/uploads\/2022\/05\/cropped-favicon_512px.png","width":512,"height":512,"caption":"Reduce Flood Risk"},"image":{"@id":"https:\/\/www.reducefloodrisk.org\/#\/schema\/logo\/image\/"},"sameAs":["https:\/\/www.facebook.com\/ASFPM\/","https:\/\/x.com\/floodsorg","https:\/\/www.linkedin.com\/company\/association-of-state-floodplain-managers-inc-","https:\/\/www.youtube.com\/channel\/UCm2lfTn_zVZCS5aOGz1KS_w","https:\/\/www.flickr.com\/photos\/asfpm\/"]}]}},"_links":{"self":[{"href":"https:\/\/www.reducefloodrisk.org\/es\/wp-json\/wp\/v2\/pages\/44","targetHints":{"allow":["GET"]}}],"collection":[{"href":"https:\/\/www.reducefloodrisk.org\/es\/wp-json\/wp\/v2\/pages"}],"about":[{"href":"https:\/\/www.reducefloodrisk.org\/es\/wp-json\/wp\/v2\/types\/page"}],"author":[{"embeddable":true,"href":"https:\/\/www.reducefloodrisk.org\/es\/wp-json\/wp\/v2\/users\/5"}],"replies":[{"embeddable":true,"href":"https:\/\/www.reducefloodrisk.org\/es\/wp-json\/wp\/v2\/comments?post=44"}],"version-history":[{"count":28,"href":"https:\/\/www.reducefloodrisk.org\/es\/wp-json\/wp\/v2\/pages\/44\/revisions"}],"predecessor-version":[{"id":2867,"href":"https:\/\/www.reducefloodrisk.org\/es\/wp-json\/wp\/v2\/pages\/44\/revisions\/2867"}],"wp:attachment":[{"href":"https:\/\/www.reducefloodrisk.org\/es\/wp-json\/wp\/v2\/media?parent=44"}],"curies":[{"name":"wp","href":"https:\/\/api.w.org\/{rel}","templated":true}]}}